{"id":677,"date":"2025-06-11T12:34:59","date_gmt":"2025-06-11T18:34:59","guid":{"rendered":"https:\/\/globalmartsupermarket.com\/?post_type=product&#038;p=677"},"modified":"2025-06-11T12:35:00","modified_gmt":"2025-06-11T18:35:00","slug":"dulces-del-valle-manjar-blanco-x-450gr-15-oz-caj-12-und","status":"publish","type":"product","link":"https:\/\/globalmartsupermarket.com\/en\/product\/dulces-del-valle-manjar-blanco-x-450gr-15-oz-caj-12-und\/","title":{"rendered":"Dulces Del Valle Manjar Blanco X 450gr \/ 15 Oz | Caj. 12 UND"},"content":{"rendered":"<h2>Descubre el Sabor Tradicional<\/h2>\n<p>Con Dulces Del Valle Manjar Blanco, te invitamos a disfrutar de un producto que evoca los sabores aut\u00e9nticos de la tradici\u00f3n. Este manjar, presentado en un frasco de 450gr, es ideal para quienes buscan un dulce que no solo satisface, sino que tambi\u00e9n transporta a los recuerdos de la infancia y a momentos de alegr\u00eda. Perfecto para untar en galletas, panes o simplemente disfrutar a cuchara, este manjar se convertir\u00e1 en tu nuevo favorito.<\/p>\n<h2>Calidad y Autenticidad en Cada Cucharada<\/h2>\n<p>El manjar blanco de Dulces Del Valle es elaborado con ingredientes seleccionados y una receta que preserva su esencia original. Con una textura cremosa y un sabor delicado, este producto es perfecto para cualquier ocasi\u00f3n, ya sea para compartir en una merienda familiar o como un regalo especial. Cada frasco encapsula la calidad que nos distingue, garantizando que cada bocado sea una experiencia \u00fanica.<\/p>\n<h2>Practicidad en el Empaque<\/h2>\n<p>Presentado en una caja de 12 unidades, el manjar blanco es una soluci\u00f3n pr\u00e1ctica para aquellos que deseen disfrutar de un delicioso dulce en m\u00faltiples ocasiones. Ideal para fiestas, reuniones o simplemente para tener en casa, cada frasco se convierte en un producto vers\u00e1til que complementa tus momentos especiales. No pierdas la oportunidad de agregar este cl\u00e1sico dulce a tu despensa y deleitar tus sentidos.<\/p>","protected":false},"excerpt":{"rendered":"<p>Con Dulces Del Valle Manjar Blanco, te invitamos a disfrutar de un producto que evoca los sabores aut\u00e9nticos de la tradici\u00f3n. Este manjar, presentado en un frasco de 450gr, es ideal para quienes buscan un dulce que no solo satisface, sino que tambi\u00e9n transporta a los recuerdos de la infancia y a momentos de alegr\u00eda. Perfecto para untar en galletas, panes o simplemente disfrutar a cuchara, este manjar se convertir\u00e1 en tu nuevo favorito.<\/p>","protected":false},"featured_media":678,"template":"","meta":[],"product_brand":[],"product_cat":[27],"product_tag":[],"class_list":{"0":"post-677","1":"product","2":"type-product","3":"status-publish","4":"has-post-thumbnail","6":"product_cat--arequipes-y-manjares","8":"first","9":"instock","10":"shipping-taxable","11":"purchasable","12":"product-type-simple"},"_links":{"self":[{"href":"https:\/\/globalmartsupermarket.com\/en\/wp-json\/wp\/v2\/product\/677","targetHints":{"allow":["GET"]}}],"collection":[{"href":"https:\/\/globalmartsupermarket.com\/en\/wp-json\/wp\/v2\/product"}],"about":[{"href":"https:\/\/globalmartsupermarket.com\/en\/wp-json\/wp\/v2\/types\/product"}],"wp:featuredmedia":[{"embeddable":true,"href":"https:\/\/globalmartsupermarket.com\/en\/wp-json\/wp\/v2\/media\/678"}],"wp:attachment":[{"href":"https:\/\/globalmartsupermarket.com\/en\/wp-json\/wp\/v2\/media?parent=677"}],"wp:term":[{"taxonomy":"product_brand","embeddable":true,"href":"https:\/\/globalmartsupermarket.com\/en\/wp-json\/wp\/v2\/product_brand?post=677"},{"taxonomy":"product_cat","embeddable":true,"href":"https:\/\/globalmartsupermarket.com\/en\/wp-json\/wp\/v2\/product_cat?post=677"},{"taxonomy":"product_tag","embeddable":true,"href":"https:\/\/globalmartsupermarket.com\/en\/wp-json\/wp\/v2\/product_tag?post=677"}],"curies":[{"name":"wp","href":"https:\/\/api.w.org\/{rel}","templated":true}]}}