{"id":679,"date":"2025-06-11T12:36:20","date_gmt":"2025-06-11T18:36:20","guid":{"rendered":"https:\/\/globalmartsupermarket.com\/?post_type=product&#038;p=679"},"modified":"2025-06-11T12:36:20","modified_gmt":"2025-06-11T18:36:20","slug":"mezcla-lista-pandebonos-su-sabor-x-10-57oz-caj-20-und","status":"publish","type":"product","link":"https:\/\/globalmartsupermarket.com\/en\/product\/mezcla-lista-pandebonos-su-sabor-x-10-57oz-caj-20-und\/","title":{"rendered":"Mezcla Lista Pandebonos Su Sabor X 10.57oz | Caj. 20 UND"},"content":{"rendered":"<h2>La tradici\u00f3n en cada bocado<\/h2>\n<p>Descubre el sabor aut\u00e9ntico de la Mezcla Lista Pandebonos. Esta deliciosa mezcla, presentada en un paquete de 10.57 oz y que contiene 20 unidades, es perfecta para quienes desean disfrutar de un bocado que fusiona tradici\u00f3n y sabor. Los pandebonos son un cl\u00e1sico en la gastronom\u00eda colombiana, y con nuestra mezcla, puedes recrear esta delicia f\u00e1cilmente en tu hogar.<\/p>\n<h2>F\u00e1cil de preparar y delicioso<\/h2>\n<p>La Mezcla Lista Pandebonos Su Sabor es extremadamente f\u00e1cil de usar. Solo necesitas agregar agua y seguir las instrucciones sencillas en el paquete para lograr unos pandebonos perfectos. En pocos minutos disfrutar\u00e1s de un bocadillo que es suave por dentro, crujiente por fuera y lleno de un sabor que te recordar\u00e1 a las cocinas de mam\u00e1. Ideal para cualquier ocasi\u00f3n, tanto para un desayuno como un acompa\u00f1amiento en las reuniones familiares.<\/p>\n<h2>Versatilidad y sabor<\/h2>\n<p>Adem\u00e1s de ser un excelente tentempi\u00e9, la Mezcla Lista Pandebonos se puede personalizar a tu gusto. A\u00f1ade queso, acompa\u00f1amientos o ingredientes especiales para hacer esta receta a\u00fan m\u00e1s tuya. Sorprende a tus seres queridos con un toque \u00fanico que har\u00e1 que cada bocado sea inolvidable. Es una opci\u00f3n ideal para compartir en fiestas y celebraciones, o simplemente para disfrutar en la comodidad de tu hogar.<\/p>","protected":false},"excerpt":{"rendered":"<p>Descubre el sabor aut\u00e9ntico de la Mezcla Lista Pandebonos. Esta deliciosa mezcla, presentada en un paquete de 10.57 oz y que contiene 20 unidades, es perfecta para quienes desean disfrutar de un bocado que fusiona tradici\u00f3n y sabor. Los pandebonos son un cl\u00e1sico en la gastronom\u00eda colombiana, y con nuestra mezcla, puedes recrear esta delicia f\u00e1cilmente en tu hogar.<\/p>","protected":false},"featured_media":680,"template":"","meta":[],"product_brand":[],"product_cat":[28],"product_tag":[],"class_list":{"0":"post-679","1":"product","2":"type-product","3":"status-publish","4":"has-post-thumbnail","6":"product_cat--mezclas-y-harinas-listas","8":"first","9":"instock","10":"shipping-taxable","11":"purchasable","12":"product-type-simple"},"_links":{"self":[{"href":"https:\/\/globalmartsupermarket.com\/en\/wp-json\/wp\/v2\/product\/679","targetHints":{"allow":["GET"]}}],"collection":[{"href":"https:\/\/globalmartsupermarket.com\/en\/wp-json\/wp\/v2\/product"}],"about":[{"href":"https:\/\/globalmartsupermarket.com\/en\/wp-json\/wp\/v2\/types\/product"}],"wp:featuredmedia":[{"embeddable":true,"href":"https:\/\/globalmartsupermarket.com\/en\/wp-json\/wp\/v2\/media\/680"}],"wp:attachment":[{"href":"https:\/\/globalmartsupermarket.com\/en\/wp-json\/wp\/v2\/media?parent=679"}],"wp:term":[{"taxonomy":"product_brand","embeddable":true,"href":"https:\/\/globalmartsupermarket.com\/en\/wp-json\/wp\/v2\/product_brand?post=679"},{"taxonomy":"product_cat","embeddable":true,"href":"https:\/\/globalmartsupermarket.com\/en\/wp-json\/wp\/v2\/product_cat?post=679"},{"taxonomy":"product_tag","embeddable":true,"href":"https:\/\/globalmartsupermarket.com\/en\/wp-json\/wp\/v2\/product_tag?post=679"}],"curies":[{"name":"wp","href":"https:\/\/api.w.org\/{rel}","templated":true}]}}