{"id":607,"date":"2025-06-10T16:20:51","date_gmt":"2025-06-10T22:20:51","guid":{"rendered":"https:\/\/globalmartsupermarket.com\/?post_type=product&#038;p=607"},"modified":"2025-06-11T15:21:05","modified_gmt":"2025-06-11T21:21:05","slug":"bocadillo-veleno-x-850gr-18ud-caj-12-und","status":"publish","type":"product","link":"https:\/\/globalmartsupermarket.com\/pt\/product\/bocadillo-veleno-x-850gr-18ud-caj-12-und\/","title":{"rendered":"Bocadillo Vele\u00f1o X 850gr (18ud) | Caj. 12 UND"},"content":{"rendered":"<h2>Um Sabor Aut\u00eantico e Tradicional<\/h2>\n<p>Descubra o sabor aut\u00eantico da Espanha com nossos Sandu\u00edches Vele\u00f1o de 850 gramas. Cada caixa cont\u00e9m 12 unidades, tornando-se a op\u00e7\u00e3o ideal para compartilhar com amigos e familiares ou para desfrutar sozinho. Feitos com ingredientes de alta qualidade, esses sandu\u00edches n\u00e3o s\u00e3o apenas um prazer para o paladar, mas tamb\u00e9m uma viagem pela cultura e tradi\u00e7\u00e3o espanhola.<\/p>\n<h2>Perfeitos para Qualquer Ocasi\u00e3o<\/h2>\n<p>Os Sandu\u00edches Vele\u00f1o s\u00e3o vers\u00e1teis e se adaptam a qualquer ocasi\u00e3o. Seja para um lanche, uma festa ou at\u00e9 mesmo como acompanhamento em almo\u00e7os ou jantares, esses sandu\u00edches s\u00e3o o acompanhamento perfeito. Sua apresenta\u00e7\u00e3o em uma pr\u00e1tica embalagem com 12 unidades facilita o armazenamento e garante que voc\u00ea tenha sempre um sandu\u00edche delicioso \u00e0 m\u00e3o.<\/p>\n<h2>Qualidade em Cada Mordida<\/h2>\n<p>Nossos sandu\u00edches s\u00e3o feitos com a melhor sele\u00e7\u00e3o de ingredientes, seguindo receitas tradicionais que garantem uma experi\u00eancia de sabor excepcional. Com o equil\u00edbrio perfeito entre textura e sabor, cada mordida oferece uma explos\u00e3o de gosto que certamente satisfar\u00e1 a todos. Seja para comer sozinho ou compartilhar, os Sandu\u00edches Vele\u00f1o s\u00e3o uma escolha que n\u00e3o decepciona.<\/p>","protected":false},"excerpt":{"rendered":"<p>Descubra o sabor aut\u00eantico da Espanha com nossos Sandu\u00edches Vele\u00f1o de 850 gramas. Cada caixa cont\u00e9m 12 unidades, tornando-se a op\u00e7\u00e3o ideal para compartilhar com amigos e familiares ou para desfrutar sozinho. Feitos com ingredientes de alta qualidade, esses sandu\u00edches n\u00e3o s\u00e3o apenas um prazer para o paladar, mas tamb\u00e9m uma viagem pela cultura e tradi\u00e7\u00e3o espanhola.<\/p>","protected":false},"featured_media":608,"template":"","meta":[],"product_brand":[],"product_cat":[25],"product_tag":[],"class_list":{"0":"post-607","1":"product","2":"type-product","3":"status-publish","4":"has-post-thumbnail","6":"product_cat--dulces-tipicos","8":"first","9":"instock","10":"shipping-taxable","11":"purchasable","12":"product-type-simple"},"_links":{"self":[{"href":"https:\/\/globalmartsupermarket.com\/pt\/wp-json\/wp\/v2\/product\/607","targetHints":{"allow":["GET"]}}],"collection":[{"href":"https:\/\/globalmartsupermarket.com\/pt\/wp-json\/wp\/v2\/product"}],"about":[{"href":"https:\/\/globalmartsupermarket.com\/pt\/wp-json\/wp\/v2\/types\/product"}],"wp:featuredmedia":[{"embeddable":true,"href":"https:\/\/globalmartsupermarket.com\/pt\/wp-json\/wp\/v2\/media\/608"}],"wp:attachment":[{"href":"https:\/\/globalmartsupermarket.com\/pt\/wp-json\/wp\/v2\/media?parent=607"}],"wp:term":[{"taxonomy":"product_brand","embeddable":true,"href":"https:\/\/globalmartsupermarket.com\/pt\/wp-json\/wp\/v2\/product_brand?post=607"},{"taxonomy":"product_cat","embeddable":true,"href":"https:\/\/globalmartsupermarket.com\/pt\/wp-json\/wp\/v2\/product_cat?post=607"},{"taxonomy":"product_tag","embeddable":true,"href":"https:\/\/globalmartsupermarket.com\/pt\/wp-json\/wp\/v2\/product_tag?post=607"}],"curies":[{"name":"wp","href":"https:\/\/api.w.org\/{rel}","templated":true}]}}